{"id":1307,"date":"2016-03-16T18:47:39","date_gmt":"2016-03-16T18:47:39","guid":{"rendered":"http:\/\/iamcercocasa.it\/?page_id=1307"},"modified":"2016-10-24T15:48:56","modified_gmt":"2016-10-24T15:48:56","slug":"aste-immobiliari-trieste","status":"publish","type":"page","link":"http:\/\/iamcercocasa.it\/index.php\/investimenti-immobiliari-a-trieste\/aste-immobiliari-trieste\/","title":{"rendered":"Aste immobiliari a Trieste"},"content":{"rendered":"<div class=\"column one\">\n<div class=\"inner-padding\">\n<h4 style=\"text-align: center;\">I AM cerco casa,<br \/>\nil consulente di fiducia per l&#8217;acquisto alle aste immobiliari a Trieste e provincia<\/h4>\n<p>&nbsp;<\/p>\n<p style=\"text-align: center;\">I AM offre assistenza a chi vuole inoltrarsi nel mondo delle aste immobiliari a Trieste,<br \/>\nconsigliando l&#8217;investimento migliore e assistendo in ogni fase dell&#8217;acquisto.<\/p>\n<\/div>\n<\/div>\n<p style=\"text-align: center;\"><a href=\"http:\/\/iamcercocasa.it\/index.php\/investimenti-immobiliari-a-trieste\/proposte-di-vendita-all-asta\/\"><a class=\"button button_1 button_\" href=\"http:\/\/iamcercocasa.it\/index.php\/investimenti-immobiliari-a-trieste\/proposte-di-vendita-all-asta\/\" target=\"_blank\">VEDI LE OFFERTE ALL'ASTA<\/a>\n<\/a><\/p>\n<div class=\"column one\">\n<div class=\"inner-padding\">\n<p><a href=\"http:\/\/iamcercocasa.it\/index.php\/investimenti-immobiliari-a-trieste\/proposte-di-vendita-all-asta\/\"><img decoding=\"async\" class=\"aligncenter wp-image-955 size-full\" src=\"http:\/\/iamcercocasa.it\/wp-content\/uploads\/2016\/02\/lente-case-asta.jpg\" alt=\"Aste immobiliari - I AM cerco casa\" width=\"100%\" srcset=\"http:\/\/iamcercocasa.it\/wp-content\/uploads\/2016\/02\/lente-case-asta.jpg 700w, http:\/\/iamcercocasa.it\/wp-content\/uploads\/2016\/02\/lente-case-asta-300x124.jpg 300w, http:\/\/iamcercocasa.it\/wp-content\/uploads\/2016\/02\/lente-case-asta-260x107.jpg 260w, http:\/\/iamcercocasa.it\/wp-content\/uploads\/2016\/02\/lente-case-asta-50x21.jpg 50w, http:\/\/iamcercocasa.it\/wp-content\/uploads\/2016\/02\/lente-case-asta-190x78.jpg 190w\" sizes=\"(max-width: 700px) 100vw, 700px\" \/><\/a><\/p>\n<\/div>\n<h3 style=\"text-align: center;\">Affidarsi a I AM offre dei vantaggi, in quanto:<\/h3>\n<\/div>\n<div class=\"column one-fourth\">\n<div class=\"inner-padding\">\n<p style=\"text-align: center;\">1<\/p>\n<p style=\"text-align: center;\">Conosciamo il mercato<\/p>\n<p><img decoding=\"async\" loading=\"lazy\" class=\"aligncenter size-full wp-image-969\" src=\"http:\/\/iamcercocasa.it\/wp-content\/uploads\/2016\/02\/palazzi-disegnati.jpg\" alt=\"Aste immobiliari conosciamo il mercato - I AM cerco casa\" width=\"200\" height=\"110\" \/><\/p>\n<\/div>\n<\/div>\n<div class=\"column one-fourth\">\n<div class=\"inner-padding\">\n<p style=\"text-align: center;\">2<\/p>\n<p style=\"text-align: center;\">Studiamo<br \/>\nla perizia<\/p>\n<p><img decoding=\"async\" loading=\"lazy\" class=\"aligncenter size-full wp-image-970\" src=\"http:\/\/iamcercocasa.it\/wp-content\/uploads\/2016\/02\/Studiamo-la-perizia.jpg\" alt=\"Aste immobiliari studiamo la perizia - I AM cerco casa\" width=\"200\" height=\"110\" \/><\/p>\n<\/div>\n<\/div>\n<div class=\"column one-fourth\">\n<div class=\"inner-padding\">\n<p style=\"text-align: center;\">3<\/p>\n<p style=\"text-align: center;\">Visitiamo<br \/>\nl&#8217;immobile<\/p>\n<p><img decoding=\"async\" loading=\"lazy\" class=\"aligncenter size-full wp-image-972\" src=\"http:\/\/iamcercocasa.it\/wp-content\/uploads\/2016\/02\/andare-in-visita.jpg\" alt=\"Aste immobiliari andare in visita - I AM cerco casa\" width=\"200\" height=\"110\" \/><\/p>\n<\/div>\n<\/div>\n<div class=\"column one-fourth\">\n<div class=\"inner-padding\">\n<p style=\"text-align: center;\">4<\/p>\n<p style=\"text-align: center;\">Partecipiamo<br \/>\nall&#8217;asta<\/p>\n<p><img decoding=\"async\" loading=\"lazy\" class=\"aligncenter size-full wp-image-973\" src=\"http:\/\/iamcercocasa.it\/wp-content\/uploads\/2016\/02\/partecipiamo-allasta.jpg\" alt=\"Aste immobiliari partecipiamo all'asta - I AM cerco casa\" width=\"200\" height=\"110\" \/><\/p>\n<\/div>\n<\/div>\n<div class=\"column one\">\n<div class=\"inner-padding\">\n<h5 style=\"text-align: justify;\">Perch\u00e8 scegliere di acquistare un immobile all&#8217;asta e perch\u00e8 affidarsi al servizio I AM cerco casa?<\/h5>\n<p style=\"text-align: justify;\">Innanzitutto c&#8217;\u00e8 da dire che <strong>l&#8217;acquisto attraverso le aste immobiliari a Trieste<\/strong> pu\u00f2 rivelarsi un&#8217;<strong>ottima opportunit\u00e0<\/strong> con <strong>prezzi<\/strong> alle volte anche <strong>inferiori del 50%<\/strong> rispetto ai normali <strong>valori di mercato<\/strong>. In secondo luogo, grazie alle novit\u00e0 introdotte con il decreto cosidetto &#8220;salva banche&#8221;, <strong>l&#8217;acquisto di un immobile all&#8217;asta, <\/strong>se rivenduto entro 24 mesi<strong>, sconta l&#8217;imposta di registro fissa di 200\u20ac<\/strong>, a fronte di quella proporzionale (che per le seconde case \u00e8 al 9%).<strong> I AM cerco casa<\/strong>, con il<strong> servizio &#8220;Aste immobiliari&#8221;<\/strong>, <strong>dedica<\/strong> la propria <strong>professionalit\u00e0<\/strong> ed <strong>eseperienza<\/strong> in tutte le fasi dell&#8217;acquisto, dalla ricerca attraverso i portali dedicati agli immobili all&#8217;asta, <strong>studia la perizia del tribunale<\/strong>, esegue <strong>il sopralluogo,<\/strong> assieme al cliente <strong>compila<\/strong> dettagliatamente <strong>la domanda di partecipazione<\/strong> e presenzia <strong>fino all&#8217;aggiudicazione<\/strong>.<\/p>\n<h5 style=\"text-align: justify;\">L&#8217;acquisto alle aste immobiliari \u00e8 sicuro?<\/h5>\n<p style=\"text-align: justify;\"><strong>L\u2019acquisto all\u2019asta \u00e8 un&#8217;operazione assolutamente tutelata<\/strong> sotto l\u2019aspetto debitorio (pignoramenti, ipoteche, ecc\u2026) in quanto <strong>\u00e8 la procedura stessa a \u201cliberare\u201d e \u201cpulire\u201d il bene<\/strong> oggetto dell\u2019esecuzione. <strong>Capitolo a parte sono le pendenze con il condominio<\/strong>: l\u2019aggiudicatario risponde per le spese <strong>relative all\u2019anno in corso e per quelle dell\u2019anno precedente.<\/strong> Dal punto di vista <strong>tecnico\/urbanistico<\/strong>, diversamente da quanto accade per le normali compravendite, <strong>TUTTO \u00e8 vendibile<\/strong>. E\u2019 ancora pi\u00f9 <strong>indispensabile<\/strong> quindi <strong>prestare la massima diligenza<\/strong> cos\u00ec da evitare brutte sorprese che possono anche pregiudicare la godibilit\u00e0 del bene e la sua eventuale futura vendita. <strong>Lo strumento principe<\/strong> che abbiamo a disposizione \u00e8 la <strong>relazione del CTU<\/strong>, da leggere e studiare attentamente.<\/p>\n<h5 style=\"text-align: justify;\">L&#8217;immobile all&#8217;asta \u00e8 subito abitabile?<\/h5>\n<p style=\"text-align: justify;\">Tralasciando il discorso di un&#8217;eventuale ristrutturazione, quello della<strong> disponibilit\u00e0 del bene <\/strong><strong>\u00e8 un concetto di primaria importanza<\/strong> negli acquisti alle aste immobiliari. E&#8217; assolutamente imprescindibile <strong>una verifica preliminare sull&#8217;esistenza d<\/strong><strong>i<\/strong> eventuali<strong> diritti reali di godimento in essere<\/strong> (abitazione, usufrutto, ecc..). Se l&#8217;immobile dovesse risultare<strong> \u201coccupato\u201d<\/strong> sia a seguito di un <strong>lecito diritto<\/strong> reale di godimento che di un <strong>regolare contratto d&#8217;affitto<\/strong>, dobbiamo sapere che saremo <strong>chiamati a rispettare il contratto<\/strong> fino alla sua normale conclusione. In caso invece ci si trovi d&#8217;innanzi ad un <strong>immobile occupato<\/strong> <strong>senza titolo, dovremo mettere in preventivo<\/strong> un <strong>periodo<\/strong> <strong>\u201ctecnico\u201d per il rilascio<\/strong> del bene.<\/p>\n<h5 style=\"text-align: justify;\">Tutti possono acquistare un immobile all&#8217;asta?<\/h5>\n<p style=\"text-align: justify;\"><strong>Il codice<\/strong> di procedura civile, <strong>all&#8217;art. 579<\/strong>, prevede che <strong><em>&#8220;ognuno, eccetto il debitore, \u00e8 ammesso a fare offerte all&#8217;incanto&#8221;. <\/em><\/strong>Detto questo, ricordiamo che una volta aggiudicata l&#8217;asta si hanno dai 30 ai 60 giorni di tempo per procedere al saldo prezzo. A meno che non si intenda copriere tutte le spese in \u201ccontanti\u201d, \u00e8 buona norma <strong>comunicare<\/strong> con il giusto preavviso <strong>alla propria banca l\u2019intenzione di partecipare ad un\u2019asta giudiziaria<\/strong>. Gli istituiti di credito sono ormai quasi tutti dotati di strumenti finanziari appositi che permettono all\u2019acquirente di procedere al SALDO in attesa dell\u2019<strong>iscrizione dell\u2019ipoteca subordinata alla trascrizione del decreto di trasferimento.<\/strong><\/p>\n<h5 style=\"text-align: justify;\">Consigli per l&#8217;acquisto di un immobile all&#8217;asta?<\/h5>\n<p style=\"text-align: justify;\"><strong>Affidarsi ad un professionista<\/strong> preparato \u00e8 senz&#8217;altro d&#8217;aiuto, ma il consiglio pi\u00f9 giusto che mi sento di dare \u00e8 di <strong>muoversi con intelligenza<\/strong>, mantenendo i piedi per terra. <strong>Chiunque pu\u00f2 fare OTTIMI AFFARI<\/strong> con le aste immobiliari. E\u2019 bene per\u00f2 ricordarsi che <strong>siamo difronte ad un investimento e come tale DEVE essere gestito<\/strong>. Regola fondamentale quindi \u00e8 <strong>darsi un limite economico<\/strong>. In fase di apertura dell\u2019incanto, i <strong>rilanci<\/strong> dovranno essere <strong>ponderati<\/strong>, guai a farsi prendere la mano <strong>altrimenti si rischia di compromettere l\u2019affare. <\/strong><\/p>\n<\/div>\n<\/div>\n<div class=\"column one\">\n<div class=\"inner-padding\">\n<pre style=\"text-align: center;\">NEWS Decreto salva banche: per gli acquisti all'asta imposta di registro a 200\u20ac<\/pre>\n<pre style=\"text-align: center;\">leggi l'artico: <a href=\"http:\/\/www.notariato.it\/it\/news\/vendite-all%E2%80%99asta-prevista-solo-un%E2%80%99imposta-fissa-di-200-euro-chi-acquista-gli-immobili\">www.ilnotariato.it<\/a><\/pre>\n<\/div>\n<\/div>\n<p style=\"text-align: center;\"><a href=\"http:\/\/iamcercocasa.it\/index.php\/investimenti-immobiliari-a-trieste\/proposte-di-vendita-all-asta\/\"><a class=\"button button_1 button_\" href=\"http:\/\/iamcercocasa.it\/index.php\/investimenti-immobiliari-a-trieste\/proposte-di-vendita-all-asta\/\" target=\"_blank\">VEDI LE OFFERTE ALL'ASTA<\/a>\n<\/a><\/p>\n","protected":false},"excerpt":{"rendered":"<p>I AM cerco casa, il consulente di fiducia per l&#8217;acquisto alle aste immobiliari a Trieste e provincia &nbsp; I AM offre assistenza a chi [&hellip;]<\/p>\n","protected":false},"author":2,"featured_media":0,"parent":55,"menu_order":0,"comment_status":"closed","ping_status":"closed","template":"","meta":[],"_links":{"self":[{"href":"http:\/\/iamcercocasa.it\/index.php\/wp-json\/wp\/v2\/pages\/1307"}],"collection":[{"href":"http:\/\/iamcercocasa.it\/index.php\/wp-json\/wp\/v2\/pages"}],"about":[{"href":"http:\/\/iamcercocasa.it\/index.php\/wp-json\/wp\/v2\/types\/page"}],"author":[{"embeddable":true,"href":"http:\/\/iamcercocasa.it\/index.php\/wp-json\/wp\/v2\/users\/2"}],"replies":[{"embeddable":true,"href":"http:\/\/iamcercocasa.it\/index.php\/wp-json\/wp\/v2\/comments?post=1307"}],"version-history":[{"count":28,"href":"http:\/\/iamcercocasa.it\/index.php\/wp-json\/wp\/v2\/pages\/1307\/revisions"}],"predecessor-version":[{"id":1908,"href":"http:\/\/iamcercocasa.it\/index.php\/wp-json\/wp\/v2\/pages\/1307\/revisions\/1908"}],"up":[{"embeddable":true,"href":"http:\/\/iamcercocasa.it\/index.php\/wp-json\/wp\/v2\/pages\/55"}],"wp:attachment":[{"href":"http:\/\/iamcercocasa.it\/index.php\/wp-json\/wp\/v2\/media?parent=1307"}],"curies":[{"name":"wp","href":"https:\/\/api.w.org\/{rel}","templated":true}]}}